{"id":21,"date":"2020-06-15T13:15:15","date_gmt":"2020-06-15T16:15:15","guid":{"rendered":"http:\/\/totalsilco.com.br\/?page_id=21"},"modified":"2021-01-27T15:56:23","modified_gmt":"2021-01-27T18:56:23","slug":"blog","status":"publish","type":"page","link":"https:\/\/totalsilco.com.br\/index.php\/blog\/","title":{"rendered":"Blog"},"content":{"rendered":"\n<p style=\"color:#860b0b;font-size:27px\" class=\"has-text-color\"><strong><em>Silicone \u2013 o que \u00e9, seus usos e aplica\u00e7\u00f5es.<\/em><\/strong><\/p>\n\n\n\n<p style=\"background-color:#ffdccb;color:#860b0b\" class=\"has-text-color has-background has-medium-font-size\">Do sil\u00edcio met\u00e1lico ao silicone <\/p>\n\n\n\n<div class=\"wp-block-image is-style-default\"><figure class=\"alignright size-large is-resized\"><img decoding=\"async\" loading=\"lazy\" src=\"http:\/\/totalsilco.com.br\/wp-content\/uploads\/2020\/07\/2.png\" alt=\"\" class=\"wp-image-273\" width=\"223\" height=\"263\"\/><figcaption>Berzelius. <\/figcaption><\/figure><\/div>\n\n\n\n<figure class=\"wp-block-image size-large is-resized is-style-default\"><img decoding=\"async\" loading=\"lazy\" src=\"http:\/\/totalsilco.com.br\/wp-content\/uploads\/2020\/07\/1-1.png\" alt=\"\" class=\"wp-image-287\" width=\"342\" height=\"256\" srcset=\"https:\/\/totalsilco.com.br\/wp-content\/uploads\/2020\/07\/1-1.png 401w, https:\/\/totalsilco.com.br\/wp-content\/uploads\/2020\/07\/1-1-350x263.png 350w\" sizes=\"(max-width: 342px) 100vw, 342px\" \/><figcaption>Sil\u00edcio met\u00e1lico. <\/figcaption><\/figure>\n\n\n\n<div class=\"wp-block-group alignwide is-layout-flow\"><div class=\"wp-block-group__inner-container\"><\/div><\/div>\n\n\n\n<p>O sil\u00edcio \u00e9 um n\u00e3o-metal que foi descoberto por <a><em>Berzelius<\/em><\/a>&nbsp;em 1824. \u00c9 o segundo elemento mais abundante na crosta terrestre e n\u00e3o ocorre livre na natureza, mas \u00e9 o principal constituinte das rochas, quartzo, argila, areia e nas plantas e est\u00e1 presente em altas concentra\u00e7\u00f5es no bambu, na casca do arroz e em outros alimentos que fazem parte da alimenta\u00e7\u00e3o de diversos seres<\/p>\n\n\n\n<div class=\"wp-block-image is-style-default\"><figure class=\"aligncenter size-large\"><img decoding=\"async\" loading=\"lazy\" width=\"276\" height=\"183\" src=\"http:\/\/totalsilco.com.br\/wp-content\/uploads\/2020\/07\/3.png\" alt=\"\" class=\"wp-image-274\"\/><\/figure><\/div>\n\n\n\n<p style=\"background-color:#ffdccb;color:#860b0b\" class=\"has-text-color has-background has-medium-font-size\">Mas afinal, o que o sil\u00edcio tem a ver com os silicones? <\/p>\n\n\n\n<p>\u00c9 a partir do \u00f3xido de sil\u00edcio (SiO2) que a ind\u00fastria de silicone parte para obter o silicone atrav\u00e9s de um processo conhecido como s\u00edntese de Grignard. Pode-se dizer que <em>Kipping <\/em>foi o pai dos silicones e da qu\u00edmica dos organo-sil\u00edcio, porque foi ele que preparou, entre outros compostos, v\u00e1rios silanos por meio de rea\u00e7\u00f5es do tipo <em>Grignard, <\/em>e a hidr\u00f3lise de clorossilanos levou a \u201cmol\u00e9culas grandes\u201d. A natureza polim\u00e9rica dos silicones foi confirmada pelos trabalhos de <em>Stock<\/em>. <\/p>\n\n\n\n<p>Na d\u00e9cada de 1940, os silicones tornaram-se materiais comerciais, ap\u00f3s <em>Hyde <\/em>da <em>Dow Corning \u2013 atual Dow Chemicals <\/em>demonstrar a estabilidade t\u00e9rmica e alta resist\u00eancia el\u00e9trica de resinas de silicone, e <em>Rochow <\/em>da <em>General Electric \u2013 atual Momentive Performance Materials <\/em>encontrar um m\u00e9todo direto para preparar silicones a partir de Si met\u00e1lico e cloreto de metila.<\/p>\n\n\n\n<p style=\"background-color:#ffdccb;color:#860b0b\" class=\"has-text-color has-background has-medium-font-size\">De forma geral, a s\u00edntese de silicones a n\u00edvel industrial,&nbsp; pode ser resumida da seguinte forma:<\/p>\n\n\n\n<ul><li>Utilizam-se como mat\u00e9rias primas de partida o sil\u00edcio met\u00e1lico e o cloreto de metila obtido atrav\u00e9s da condensa\u00e7\u00e3o do metanol e do \u00e1cido clor\u00eddrico : &nbsp;<\/li><\/ul>\n\n\n\n<div class=\"wp-block-image is-style-default\"><figure class=\"aligncenter size-large is-resized\"><img decoding=\"async\" loading=\"lazy\" src=\"https:\/\/totalsilco.com.br\/wp-content\/uploads\/2020\/07\/image-2.png\" alt=\"\" class=\"wp-image-278\" width=\"483\" height=\"59\" srcset=\"https:\/\/totalsilco.com.br\/wp-content\/uploads\/2020\/07\/image-2.png 502w, https:\/\/totalsilco.com.br\/wp-content\/uploads\/2020\/07\/image-2-350x43.png 350w\" sizes=\"(max-width: 483px) 100vw, 483px\" \/><\/figure><\/div>\n\n\n\n<ul><li>A s\u00edntese de Rochow que leva aos cloro silanos \u2013 precursores dos silicones &#8211; ocorre num leito fluidizado de p\u00f3 de sil\u00edcio met\u00e1lico, tratado com um fluxo de cloro metano, geralmente a temperaturas de 250 a 350\u00b0 C e press\u00f5es de 1 a 5 atm. Uma mistura de diferentes cloro silanos \u00e9 obtida contendo principalmente o dimetildicloro silano (Me<sub>2<\/sub>SiCl<sub>2<\/sub>), que representa o composto mais importante para as etapas subsequentes.<\/li><\/ul>\n\n\n\n<div class=\"wp-block-image is-style-default\"><figure class=\"aligncenter size-large\"><img decoding=\"async\" loading=\"lazy\" width=\"614\" height=\"211\" src=\"https:\/\/totalsilco.com.br\/wp-content\/uploads\/2020\/07\/image-3.png\" alt=\"\" class=\"wp-image-279\" srcset=\"https:\/\/totalsilco.com.br\/wp-content\/uploads\/2020\/07\/image-3.png 614w, https:\/\/totalsilco.com.br\/wp-content\/uploads\/2020\/07\/image-3-350x120.png 350w\" sizes=\"(max-width: 614px) 100vw, 614px\" \/><\/figure><\/div>\n\n\n\n<p>A rea\u00e7\u00e3o \u00e9 exot\u00e9rmica e tem um rendimento de 85 a 90%. O mecanismo da rea\u00e7\u00e3o que aproveita da presen\u00e7a de um catalisador \u00e0 base de cobre e n\u00e3o \u00e9 completamente compreendido. Os cloro silanos s\u00e3o separados por destila\u00e7\u00e3o. Como os pontos de ebuli\u00e7\u00e3o s\u00e3o pr\u00f3ximos uns aos outros, uma f\u00e1brica de silicone requer de longas colunas de retifica\u00e7\u00e3o. O <a>dimetildiclorosilano<\/a> [1], o qual \u00e9 separado, se torna o mon\u00f4mero para os silicones polim\u00e9ricos por meio de hidr\u00f3lise de polidimetilsiloxanos (ver mais adiante), que \u00e9 mat\u00e9ria prima importante para os sistemas de Paper Release \u2013 cura base Estanho ou policondensa\u00e7\u00e3o.&nbsp;<\/p>\n\n\n\n<p>Outros cloro silanos especiais s\u00e3o preparados a partir de um silano j\u00e1 existente. Por exemplo, o metil-vinil-dicloro silano \u00e9 obtido pela adi\u00e7\u00e3o de acetileno em metildiclorosilano&nbsp;, utilizando um complexo de platina como catalisador. Estes materiais s\u00e3o precursores dos pol\u00edmeros vin\u00edlicos utilizados para os sistemas de Paper Release \u2013 cura base Platina ou poliadi\u00e7\u00e3o.<\/p>\n\n\n\n<p>De forma bastante simplista , podemos \u201cpendurar\u201d v\u00e1rios grupos funcionais numa cadeia de silicone, obtendo assim um verdadeiro universo de performances nas mais variadas modifica\u00e7\u00f5es :<\/p>\n\n\n\n<div class=\"wp-block-image is-style-default\"><figure class=\"aligncenter size-large is-resized\"><img decoding=\"async\" loading=\"lazy\" src=\"https:\/\/totalsilco.com.br\/wp-content\/uploads\/2020\/07\/image-7.png\" alt=\"\" class=\"wp-image-283\" width=\"535\" height=\"266\" srcset=\"https:\/\/totalsilco.com.br\/wp-content\/uploads\/2020\/07\/image-7.png 517w, https:\/\/totalsilco.com.br\/wp-content\/uploads\/2020\/07\/image-7-350x174.png 350w\" sizes=\"(max-width: 535px) 100vw, 535px\" \/><\/figure><\/div>\n\n\n\n<p style=\"background-color:#ffdccb;color:#860b0b\" class=\"has-text-color has-background has-medium-font-size\">\u00c9 um produto que est\u00e1 presente em todos os aspectos do nosso dia-a-dia!<\/p>\n\n\n\n<div class=\"wp-block-image is-style-default\"><figure class=\"aligncenter size-large\"><img decoding=\"async\" loading=\"lazy\" width=\"553\" height=\"423\" src=\"https:\/\/totalsilco.com.br\/wp-content\/uploads\/2020\/07\/image-6.png\" alt=\"\" class=\"wp-image-282\" srcset=\"https:\/\/totalsilco.com.br\/wp-content\/uploads\/2020\/07\/image-6.png 553w, https:\/\/totalsilco.com.br\/wp-content\/uploads\/2020\/07\/image-6-350x268.png 350w\" sizes=\"(max-width: 553px) 100vw, 553px\" \/><\/figure><\/div>\n\n\n\n<p style=\"background-color:#ffdccb;color:#860b0b\" class=\"has-text-color has-background has-medium-font-size\">Mas o que faz com o que o silicone seja t\u00e3o \u00fanico e vers\u00e1til? <\/p>\n\n\n\n<p>De forma geral, silicones: <\/p>\n\n\n\n<div class=\"wp-block-image is-style-default\"><figure class=\"aligncenter size-large\"><img decoding=\"async\" loading=\"lazy\" width=\"633\" height=\"277\" src=\"https:\/\/totalsilco.com.br\/wp-content\/uploads\/2020\/07\/image-8.png\" alt=\"\" class=\"wp-image-284\" srcset=\"https:\/\/totalsilco.com.br\/wp-content\/uploads\/2020\/07\/image-8.png 633w, https:\/\/totalsilco.com.br\/wp-content\/uploads\/2020\/07\/image-8-350x153.png 350w\" sizes=\"(max-width: 633px) 100vw, 633px\" \/><\/figure><\/div>\n\n\n\n<div class=\"wp-block-image is-style-default\"><figure class=\"aligncenter size-large\"><img decoding=\"async\" loading=\"lazy\" width=\"506\" height=\"106\" src=\"https:\/\/totalsilco.com.br\/wp-content\/uploads\/2020\/07\/image-9.png\" alt=\"\" class=\"wp-image-285\" srcset=\"https:\/\/totalsilco.com.br\/wp-content\/uploads\/2020\/07\/image-9.png 506w, https:\/\/totalsilco.com.br\/wp-content\/uploads\/2020\/07\/image-9-350x73.png 350w\" sizes=\"(max-width: 506px) 100vw, 506px\" \/><\/figure><\/div>\n\n\n\n<p>A maior energia de liga\u00e7\u00e3o confere aos silicones maior estabilidade, enquanto a maior dist\u00e2ncia de liga\u00e7\u00e3o confere melhor permeabilidade. J\u00e1 a menor barreira rotacional e o maior \u00e2ngulo de liga\u00e7\u00e3o conferem maior liberdade de movimento e menores for\u00e7as de intera\u00e7\u00e3o molecular.<\/p>\n\n\n\n<div class=\"wp-block-image is-style-default\"><figure class=\"aligncenter size-large\"><img decoding=\"async\" loading=\"lazy\" width=\"552\" height=\"117\" src=\"https:\/\/totalsilco.com.br\/wp-content\/uploads\/2020\/07\/image-10.png\" alt=\"\" class=\"wp-image-286\" srcset=\"https:\/\/totalsilco.com.br\/wp-content\/uploads\/2020\/07\/image-10.png 552w, https:\/\/totalsilco.com.br\/wp-content\/uploads\/2020\/07\/image-10-350x74.png 350w\" sizes=\"(max-width: 552px) 100vw, 552px\" \/><\/figure><\/div>\n\n\n\n<p style=\"background-color:#ffdccb;color:#860b0b;font-size:18px\" class=\"has-text-color has-background\">Refer\u00eancias bibliogr\u00e1ficas<\/p>\n\n\n\n<ul><li>Isenmann, Armin &#8211; Silicones: S\u00edntese, Propriedades e Usos, CENTRO FEDERAL DE EDUCA\u00c7\u00c3O TECNOL\u00d3GICA DE MINAS GERAIS, Campus Timoteo, Disciplina: Processos Industriais M\u00f3dulo: Pol\u00edmeros<\/li><li>Silicones Overview \u2013 Momentive Performance Materials<\/li><li>Noll, Walter \u2013 Chemistry and Technology of Silicones, Academic Press<\/li><li>Lutwack, Ralph; Morrison, Andrew \u2013 Silicon Material Preparation and Economica Wafery Methods, Noyes<\/li><li>Silicone Chemistry Overview , Form N\u00b0 51-960A-97 Dow Corning<\/li><li>Ziegler &amp; Fearon \u2013 Silicon Based Polymer Science \u2013 American Chemical Society<\/li><\/ul>\n\n\n\n<p style=\"background-color:#ffdccb;color:#860b0b;font-size:18px\" class=\"has-text-color has-background\">Cr\u00e9ditos de imagens<\/p>\n\n\n\n<ul><li><a href=\"https:\/\/www.uol.com.br\/tilt\/ultimas-noticias\/redacao\/2014\/09\/02\/clique-ciencia-como-os-pandas-sobrevivem-so-comendo-bambu.htm\">https:\/\/www.uol.com.br\/tilt\/ultimas-noticias\/redacao\/2014\/09\/02\/clique-ciencia-como-os-pandas-sobrevivem-so-comendo-bambu.htm<\/a><\/li><li><a href=\"https:\/\/www.worldofchemicals.com\/477\/chemistry-articles\/jons-jacob-berzelius-discoverer-of-thoriumcerium-elements.html\">https:\/\/www.worldofchemicals.com\/477\/chemistry-articles\/jons-jacob-berzelius-discoverer-of-thoriumcerium-elements.html<\/a><\/li><\/ul>\n\n\n\n<p><\/p>\n<div class=\"pvc_clear\"><\/div><p class=\"pvc_stats all \" data-element-id=\"21\" style=\"\"><i class=\"pvc-stats-icon small\" aria-hidden=\"true\"><svg aria-hidden=\"true\" focusable=\"false\" data-prefix=\"far\" data-icon=\"chart-bar\" role=\"img\" xmlns=\"http:\/\/www.w3.org\/2000\/svg\" viewBox=\"0 0 512 512\" class=\"svg-inline--fa fa-chart-bar fa-w-16 fa-2x\"><path fill=\"currentColor\" d=\"M396.8 352h22.4c6.4 0 12.8-6.4 12.8-12.8V108.8c0-6.4-6.4-12.8-12.8-12.8h-22.4c-6.4 0-12.8 6.4-12.8 12.8v230.4c0 6.4 6.4 12.8 12.8 12.8zm-192 0h22.4c6.4 0 12.8-6.4 12.8-12.8V140.8c0-6.4-6.4-12.8-12.8-12.8h-22.4c-6.4 0-12.8 6.4-12.8 12.8v198.4c0 6.4 6.4 12.8 12.8 12.8zm96 0h22.4c6.4 0 12.8-6.4 12.8-12.8V204.8c0-6.4-6.4-12.8-12.8-12.8h-22.4c-6.4 0-12.8 6.4-12.8 12.8v134.4c0 6.4 6.4 12.8 12.8 12.8zM496 400H48V80c0-8.84-7.16-16-16-16H16C7.16 64 0 71.16 0 80v336c0 17.67 14.33 32 32 32h464c8.84 0 16-7.16 16-16v-16c0-8.84-7.16-16-16-16zm-387.2-48h22.4c6.4 0 12.8-6.4 12.8-12.8v-70.4c0-6.4-6.4-12.8-12.8-12.8h-22.4c-6.4 0-12.8 6.4-12.8 12.8v70.4c0 6.4 6.4 12.8 12.8 12.8z\" class=\"\"><\/path><\/svg><\/i> &nbsp;5,200&nbsp;total views, &nbsp;4&nbsp;views today<\/p><div class=\"pvc_clear\"><\/div>","protected":false},"excerpt":{"rendered":"<p>Silicone \u2013 o que \u00e9, seus usos e aplica\u00e7\u00f5es. Do sil\u00edcio met\u00e1lico ao silicone O sil\u00edcio \u00e9 um n\u00e3o-metal que foi descoberto por Berzelius&nbsp;em 1824. \u00c9 o segundo elemento mais abundante na crosta terrestre e n\u00e3o ocorre livre na natureza, mas \u00e9 o principal constituinte das rochas, quartzo, argila, areia e nas plantas e est\u00e1 &hellip; <\/p>\n<p class=\"link-more\"><a href=\"https:\/\/totalsilco.com.br\/index.php\/blog\/\" class=\"more-link\">Continue lendo<span class=\"screen-reader-text\"> &#8220;Blog&#8221;<\/span><\/a><\/p>\n","protected":false},"author":1,"featured_media":0,"parent":0,"menu_order":0,"comment_status":"closed","ping_status":"closed","template":"","meta":[],"_links":{"self":[{"href":"https:\/\/totalsilco.com.br\/index.php\/wp-json\/wp\/v2\/pages\/21"}],"collection":[{"href":"https:\/\/totalsilco.com.br\/index.php\/wp-json\/wp\/v2\/pages"}],"about":[{"href":"https:\/\/totalsilco.com.br\/index.php\/wp-json\/wp\/v2\/types\/page"}],"author":[{"embeddable":true,"href":"https:\/\/totalsilco.com.br\/index.php\/wp-json\/wp\/v2\/users\/1"}],"replies":[{"embeddable":true,"href":"https:\/\/totalsilco.com.br\/index.php\/wp-json\/wp\/v2\/comments?post=21"}],"version-history":[{"count":10,"href":"https:\/\/totalsilco.com.br\/index.php\/wp-json\/wp\/v2\/pages\/21\/revisions"}],"predecessor-version":[{"id":303,"href":"https:\/\/totalsilco.com.br\/index.php\/wp-json\/wp\/v2\/pages\/21\/revisions\/303"}],"wp:attachment":[{"href":"https:\/\/totalsilco.com.br\/index.php\/wp-json\/wp\/v2\/media?parent=21"}],"curies":[{"name":"wp","href":"https:\/\/api.w.org\/{rel}","templated":true}]}}