{"id":12,"date":"2020-06-15T13:20:30","date_gmt":"2020-06-15T16:20:30","guid":{"rendered":"http:\/\/totalsilco.com.br\/?page_id=12"},"modified":"2021-01-27T15:56:57","modified_gmt":"2021-01-27T18:56:57","slug":"pagina-inicial","status":"publish","type":"page","link":"https:\/\/totalsilco.com.br\/index.php\/pagina-inicial\/","title":{"rendered":"Totalsilco Representa\u00e7\u00e3o e Com\u00e9rcio de Produtos Qu\u00edmicos LTDA."},"content":{"rendered":"\n<div class=\"wp-block-group alignwide\"><div class=\"wp-block-group__inner-container is-layout-flow\">\n<h2 class=\"has-text-color wp-block-heading\" style=\"color:#860b0b\"><em>A Totalsilco nasce com a miss\u00e3o de ser n\u00e3o s\u00f3 uma fornecedora de silicones e mat\u00e9rias primas para sistemas auto-adesivos, mas tamb\u00e9m de prestar um assessoramento t\u00e9cnico completo a nossos clientes o qual inclui : treinamentos direcionados \u00e0s necessidades de cada empresa, suporte t\u00e9cnico em f\u00e1brica , laborat\u00f3rio completo para an\u00e1lise de produtos acabados e mat\u00e9rias primas e desenvolvimento de sistemas de siliconiza\u00e7\u00e3o taylor made.<\/em><\/h2>\n<\/div><\/div>\n\n\n\n<h1 class=\"has-text-align-center wp-block-heading\"> <\/h1>\n\n\n\n<div class=\"wp-block-columns alignwide is-layout-flex wp-container-10\">\n<div class=\"wp-block-column is-vertically-aligned-top is-layout-flow\" style=\"flex-basis:50.5%\">\n<div class=\"wp-block-group\"><div class=\"wp-block-group__inner-container is-layout-flow\">\n<div class=\"wp-block-group alignfull\"><div class=\"wp-block-group__inner-container is-layout-flow\">\n<p style=\"background-color:#ffdccb;color:#860b0b;font-size:26px\" class=\"has-text-color has-background has-text-align-center\"><strong>Sil\u00edcio met\u00e1lico <\/strong><\/p>\n\n\n\n<div class=\"wp-block-image is-style-default\"><figure class=\"aligncenter size-large is-resized\"><img decoding=\"async\" loading=\"lazy\" src=\"http:\/\/totalsilco.com.br\/wp-content\/uploads\/2021\/01\/image3-1-768x1024.jpeg\" alt=\"\" class=\"wp-image-374\" width=\"295\" height=\"393\" srcset=\"https:\/\/totalsilco.com.br\/wp-content\/uploads\/2021\/01\/image3-1-768x1024.jpeg 768w, https:\/\/totalsilco.com.br\/wp-content\/uploads\/2021\/01\/image3-1-263x350.jpeg 263w, https:\/\/totalsilco.com.br\/wp-content\/uploads\/2021\/01\/image3-1-1152x1536.jpeg 1152w, https:\/\/totalsilco.com.br\/wp-content\/uploads\/2021\/01\/image3-1-1536x2048.jpeg 1536w, https:\/\/totalsilco.com.br\/wp-content\/uploads\/2021\/01\/image3-1-scaled.jpeg 1920w\" sizes=\"(max-width: 295px) 100vw, 295px\" \/><\/figure><\/div>\n<\/div><\/div>\n\n\n\n<ul><li>Mat\u00e9ria prima da forma\u00e7\u00e3o do silicone.<\/li><\/ul>\n\n\n\n<p><\/p>\n\n\n\n<div class=\"wp-block-button aligncenter is-style-fill\"><a class=\"wp-block-button__link has-text-color has-background\" href=\"https:\/\/totalsilco.com.br\/index.php\/blog\/\" style=\"background-color:#ffdccb;color:#860b0b\" target=\"_blank\" rel=\"noreferrer noopener\">Saiba mais<\/a><\/div>\n<\/div><\/div>\n\n\n\n<div class=\"wp-block-group\"><div class=\"wp-block-group__inner-container is-layout-flow\">\n<p><\/p>\n\n\n\n<p style=\"background-color:#ffdccb;color:#860b0b;font-size:26px\" class=\"has-text-color has-background\"><strong>Especializa\u00e7\u00e3o em<\/strong> <strong>solu\u00e7\u00f5es de silicone para auto-adesivos<\/strong><\/p>\n\n\n\n<div class=\"wp-block-image\"><figure class=\"aligncenter size-large is-resized\"><img decoding=\"async\" loading=\"lazy\" src=\"https:\/\/totalsilco.com.br\/wp-content\/uploads\/2020\/06\/adesivo.jpg\" alt=\"\" class=\"wp-image-76\" width=\"332\" height=\"221\"\/><\/figure><\/div>\n\n\n\n<ul><li>Especializa\u00e7\u00e3o em liner <\/li><\/ul>\n<\/div><\/div>\n<\/div>\n\n\n\n<div class=\"wp-block-column is-layout-flow\">\n<div class=\"wp-block-group\"><div class=\"wp-block-group__inner-container is-layout-flow\">\n<p style=\"background-color:#ffdccb;color:#860b0b;font-size:26px\" class=\"has-text-color has-background\"><strong>Solu\u00e7\u00f5es em silicone<\/strong><\/p>\n\n\n\n<div class=\"wp-block-image\"><figure class=\"aligncenter size-large is-resized\"><img decoding=\"async\" loading=\"lazy\" src=\"https:\/\/totalsilco.com.br\/wp-content\/uploads\/2020\/07\/image1-768x1024.jpeg\" alt=\"\" class=\"wp-image-237\" width=\"288\" height=\"384\" srcset=\"https:\/\/totalsilco.com.br\/wp-content\/uploads\/2020\/07\/image1-768x1024.jpeg 768w, https:\/\/totalsilco.com.br\/wp-content\/uploads\/2020\/07\/image1-225x300.jpeg 225w, https:\/\/totalsilco.com.br\/wp-content\/uploads\/2020\/07\/image1-1152x1536.jpeg 1152w, https:\/\/totalsilco.com.br\/wp-content\/uploads\/2020\/07\/image1-1536x2048.jpeg 1536w, https:\/\/totalsilco.com.br\/wp-content\/uploads\/2020\/07\/image1-scaled.jpeg 1920w\" sizes=\"(max-width: 288px) 100vw, 288px\" \/><\/figure><\/div>\n\n\n\n<ul><li>Base solvente;<\/li><li>Base \u00e1gua;<\/li><li>Solventless t\u00e9rmico;<\/li><li>Solventless UV. <\/li><\/ul>\n\n\n\n<p><\/p>\n<\/div><\/div>\n\n\n\n<p><\/p>\n\n\n\n<div class=\"wp-block-group is-layout-flow\"><div class=\"wp-block-group__inner-container\"><\/div><\/div>\n\n\n\n<div class=\"wp-block-buttons aligncenter is-layout-flex\"><\/div>\n<\/div>\n<\/div>\n<div class=\"pvc_clear\"><\/div><p class=\"pvc_stats all \" data-element-id=\"12\" style=\"\"><i class=\"pvc-stats-icon small\" aria-hidden=\"true\"><svg aria-hidden=\"true\" focusable=\"false\" data-prefix=\"far\" data-icon=\"chart-bar\" role=\"img\" xmlns=\"http:\/\/www.w3.org\/2000\/svg\" viewBox=\"0 0 512 512\" class=\"svg-inline--fa fa-chart-bar fa-w-16 fa-2x\"><path fill=\"currentColor\" d=\"M396.8 352h22.4c6.4 0 12.8-6.4 12.8-12.8V108.8c0-6.4-6.4-12.8-12.8-12.8h-22.4c-6.4 0-12.8 6.4-12.8 12.8v230.4c0 6.4 6.4 12.8 12.8 12.8zm-192 0h22.4c6.4 0 12.8-6.4 12.8-12.8V140.8c0-6.4-6.4-12.8-12.8-12.8h-22.4c-6.4 0-12.8 6.4-12.8 12.8v198.4c0 6.4 6.4 12.8 12.8 12.8zm96 0h22.4c6.4 0 12.8-6.4 12.8-12.8V204.8c0-6.4-6.4-12.8-12.8-12.8h-22.4c-6.4 0-12.8 6.4-12.8 12.8v134.4c0 6.4 6.4 12.8 12.8 12.8zM496 400H48V80c0-8.84-7.16-16-16-16H16C7.16 64 0 71.16 0 80v336c0 17.67 14.33 32 32 32h464c8.84 0 16-7.16 16-16v-16c0-8.84-7.16-16-16-16zm-387.2-48h22.4c6.4 0 12.8-6.4 12.8-12.8v-70.4c0-6.4-6.4-12.8-12.8-12.8h-22.4c-6.4 0-12.8 6.4-12.8 12.8v70.4c0 6.4 6.4 12.8 12.8 12.8z\" class=\"\"><\/path><\/svg><\/i> &nbsp;4,445&nbsp;total views, &nbsp;6&nbsp;views today<\/p><div class=\"pvc_clear\"><\/div>","protected":false},"excerpt":{"rendered":"<p>A Totalsilco nasce com a miss\u00e3o de ser n\u00e3o s\u00f3 uma fornecedora de silicones e mat\u00e9rias primas para sistemas auto-adesivos, mas tamb\u00e9m de prestar um assessoramento t\u00e9cnico completo a nossos clientes o qual inclui : treinamentos direcionados \u00e0s necessidades de cada empresa, suporte t\u00e9cnico em f\u00e1brica , laborat\u00f3rio completo para an\u00e1lise de produtos acabados e &hellip; <\/p>\n<p class=\"link-more\"><a href=\"https:\/\/totalsilco.com.br\/index.php\/pagina-inicial\/\" class=\"more-link\">Continue lendo<span class=\"screen-reader-text\"> &#8220;Totalsilco Representa\u00e7\u00e3o e Com\u00e9rcio de Produtos Qu\u00edmicos LTDA.&#8221;<\/span><\/a><\/p>\n","protected":false},"author":1,"featured_media":140,"parent":0,"menu_order":0,"comment_status":"closed","ping_status":"closed","template":"","meta":[],"_links":{"self":[{"href":"https:\/\/totalsilco.com.br\/index.php\/wp-json\/wp\/v2\/pages\/12"}],"collection":[{"href":"https:\/\/totalsilco.com.br\/index.php\/wp-json\/wp\/v2\/pages"}],"about":[{"href":"https:\/\/totalsilco.com.br\/index.php\/wp-json\/wp\/v2\/types\/page"}],"author":[{"embeddable":true,"href":"https:\/\/totalsilco.com.br\/index.php\/wp-json\/wp\/v2\/users\/1"}],"replies":[{"embeddable":true,"href":"https:\/\/totalsilco.com.br\/index.php\/wp-json\/wp\/v2\/comments?post=12"}],"version-history":[{"count":53,"href":"https:\/\/totalsilco.com.br\/index.php\/wp-json\/wp\/v2\/pages\/12\/revisions"}],"predecessor-version":[{"id":415,"href":"https:\/\/totalsilco.com.br\/index.php\/wp-json\/wp\/v2\/pages\/12\/revisions\/415"}],"wp:featuredmedia":[{"embeddable":true,"href":"https:\/\/totalsilco.com.br\/index.php\/wp-json\/wp\/v2\/media\/140"}],"wp:attachment":[{"href":"https:\/\/totalsilco.com.br\/index.php\/wp-json\/wp\/v2\/media?parent=12"}],"curies":[{"name":"wp","href":"https:\/\/api.w.org\/{rel}","templated":true}]}}